{"id":719,"date":"2021-06-03T11:30:33","date_gmt":"2021-06-03T11:30:33","guid":{"rendered":"https:\/\/blatnikovhram.si\/menu\/nekaj-za-umes\/"},"modified":"2021-06-14T07:17:32","modified_gmt":"2021-06-14T07:17:32","slug":"nekaj-za-umes","status":"publish","type":"page","link":"https:\/\/blatnikovhram.si\/en\/menu\/nekaj-za-umes\/","title":{"rendered":"Something in between"},"content":{"rendered":"\n<div class=\"wp-block-advgb-columns advgb-columns-wrapper\" id=\"advgb-cols-6e6a1150-1d25-4acd-92ec-b2b07ef879ba\"><div class=\"advgb-columns-container\"><div class=\"advgb-columns advgb-columns-row advgb-is-mobile advgb-columns-4 layout-14-14-14-14 mbl-layout-stacked vgutter-10\">\n<div class=\"wp-block-advgb-column advgb-column advgb-is-one-quarter-tablet advgb-is-full-mobile\" id=\"advgb-col-ec0096b5-aac5-4f2d-a2bb-b76e72a29e43\" style=\"flex:none\"><div class=\"advgb-column-inner\" style=\"border-style:none;border-width:1px\">\n<h6 class=\"has-medium-font-size wp-block-heading\">BURGER &#8220;BLATNIKOV HRAM&#8221;<\/h6>\n\n\n\n<p style=\"font-size:12px\"><\/p>\n<\/div><\/div>\n\n\n\n<div class=\"wp-block-advgb-column advgb-column advgb-is-one-quarter-tablet advgb-is-full-mobile\" id=\"advgb-col-eb5e44ce-98ae-474c-85ef-e1be6fcccf31\" style=\"flex:none\"><div class=\"advgb-column-inner\" style=\"border-style:none;border-width:1px\">\n<p><\/p>\n<\/div><\/div>\n\n\n\n<div class=\"wp-block-advgb-column advgb-column advgb-is-one-quarter-tablet advgb-is-full-mobile\" id=\"advgb-col-7b807535-e48d-4aab-b947-9e66f433f189\" style=\"flex:none\"><div class=\"advgb-column-inner\" style=\"border-style:none;border-width:1px\">\n<p class=\"has-text-align-right\"><strong>6,50 \u20ac<\/strong><\/p>\n<\/div><\/div>\n\n\n<div id=\"advgb-col-63024568-cb2d-48d2-bfd8-0b8e8b528795\" class=\"wp-block-advgb-column advgb-column advgb-is-one-quarter-tablet advgb-is-full-mobile\" style=\"flex: none;\">\r\n<div class=\"advgb-column-inner\" style=\"border-style: none; border-width: 1px;\"><\/div>\r\n<\/div><\/div><\/div><\/div>\n\n<div class=\"wp-block-group\"><div class=\"wp-block-group__inner-container is-layout-flow wp-block-group-is-layout-flow\">\n<div class=\"wp-block-advgb-columns advgb-columns-wrapper\" id=\"advgb-cols-1aac1db5-a2bc-4136-a615-b8b8e14eac6c\"><div class=\"advgb-columns-container\"><div class=\"advgb-columns advgb-columns-row advgb-is-mobile advgb-columns-1 layout-100 mbl-layout-stacked vgutter-10\">\n<div class=\"wp-block-advgb-column advgb-column advgb-is-full-mobile\" id=\"advgb-col-80e23aeb-1492-451b-b654-561f56a4fce9\" style=\"flex:none\"><div class=\"advgb-column-inner\" style=\"border-style:none;border-width:1px\">\n<p>Home-made\u00a0bread, pleskavica,\u00a0tomatoe,\u00a0onion,\u00a0green\u00a0slada,\u00a0cheese,\u00a0sauce<\/p>\n<\/div><\/div>\n<\/div><\/div><\/div>\n<\/div><\/div>\n\n<div class=\"wp-block-advgb-columns advgb-columns-wrapper\" id=\"advgb-cols-2918d76e-f4d8-4851-816d-f004c13c3b23\"><div class=\"advgb-columns-container\"><div class=\"advgb-columns advgb-columns-row advgb-is-mobile advgb-columns-1 layout-100 mbl-layout-stacked vgutter-10\">\n<div class=\"wp-block-advgb-column advgb-column advgb-is-full-mobile\" id=\"advgb-col-fc2ddbc7-5629-48bb-95e4-68759fc3d421\" style=\"flex:none\"><div class=\"advgb-column-inner\" style=\"border-style:none;border-width:1px\">\n<hr class=\"wp-block-separator has-text-color has-background has-cyan-bluish-gray-background-color has-cyan-bluish-gray-color\" id=\"is-style-wide\"\/>\n<\/div><\/div>\n<\/div><\/div><\/div>\n<style class=\"advgb-styles-renderer\">#advgb-col-ec0096b5-aac5-4f2d-a2bb-b76e72a29e43>.advgb-column-inner{}#advgb-col-ec0096b5-aac5-4f2d-a2bb-b76e72a29e43{width: 32%;}@media screen and (max-width: 1023px) {#advgb-col-ec0096b5-aac5-4f2d-a2bb-b76e72a29e43>.advgb-column-inner{}}@media screen and (max-width: 767px) {#advgb-col-ec0096b5-aac5-4f2d-a2bb-b76e72a29e43>.advgb-column-inner{}}#advgb-col-eb5e44ce-98ae-474c-85ef-e1be6fcccf31>.advgb-column-inner{}#advgb-col-eb5e44ce-98ae-474c-85ef-e1be6fcccf31{width: 7%;}@media screen and (max-width: 1023px) {#advgb-col-eb5e44ce-98ae-474c-85ef-e1be6fcccf31>.advgb-column-inner{}}@media screen and (max-width: 767px) {#advgb-col-eb5e44ce-98ae-474c-85ef-e1be6fcccf31>.advgb-column-inner{}}#advgb-col-7b807535-e48d-4aab-b947-9e66f433f189>.advgb-column-inner{}#advgb-col-7b807535-e48d-4aab-b947-9e66f433f189{width: 19%;}@media screen and (max-width: 1023px) {#advgb-col-7b807535-e48d-4aab-b947-9e66f433f189>.advgb-column-inner{}}@media screen and (max-width: 767px) {#advgb-col-7b807535-e48d-4aab-b947-9e66f433f189>.advgb-column-inner{}}#advgb-col-63024568-cb2d-48d2-bfd8-0b8e8b528795>.advgb-column-inner{}#advgb-col-63024568-cb2d-48d2-bfd8-0b8e8b528795{width: 42%;}@media screen and (max-width: 1023px) {#advgb-col-63024568-cb2d-48d2-bfd8-0b8e8b528795>.advgb-column-inner{}}@media screen and (max-width: 767px) {#advgb-col-63024568-cb2d-48d2-bfd8-0b8e8b528795>.advgb-column-inner{}}#advgb-cols-6e6a1150-1d25-4acd-92ec-b2b07ef879ba{}@media screen and (max-width: 1023px) {#advgb-cols-6e6a1150-1d25-4acd-92ec-b2b07ef879ba{}}@media screen and (max-width: 767px) {#advgb-cols-6e6a1150-1d25-4acd-92ec-b2b07ef879ba{}}#advgb-col-ec0096b5-aac5-4f2d-a2bb-b76e72a29e43>.advgb-column-inner{}#advgb-col-ec0096b5-aac5-4f2d-a2bb-b76e72a29e43{width: 32%;}@media screen and (max-width: 1023px) {#advgb-col-ec0096b5-aac5-4f2d-a2bb-b76e72a29e43>.advgb-column-inner{}}@media screen and (max-width: 767px) {#advgb-col-ec0096b5-aac5-4f2d-a2bb-b76e72a29e43>.advgb-column-inner{}}#advgb-col-eb5e44ce-98ae-474c-85ef-e1be6fcccf31>.advgb-column-inner{}#advgb-col-eb5e44ce-98ae-474c-85ef-e1be6fcccf31{width: 7%;}@media screen and (max-width: 1023px) {#advgb-col-eb5e44ce-98ae-474c-85ef-e1be6fcccf31>.advgb-column-inner{}}@media screen and (max-width: 767px) {#advgb-col-eb5e44ce-98ae-474c-85ef-e1be6fcccf31>.advgb-column-inner{}}#advgb-col-7b807535-e48d-4aab-b947-9e66f433f189>.advgb-column-inner{}#advgb-col-7b807535-e48d-4aab-b947-9e66f433f189{width: 19%;}@media screen and (max-width: 1023px) {#advgb-col-7b807535-e48d-4aab-b947-9e66f433f189>.advgb-column-inner{}}@media screen and (max-width: 767px) {#advgb-col-7b807535-e48d-4aab-b947-9e66f433f189>.advgb-column-inner{}}#advgb-col-63024568-cb2d-48d2-bfd8-0b8e8b528795>.advgb-column-inner{}#advgb-col-63024568-cb2d-48d2-bfd8-0b8e8b528795{width: 42%;}@media screen and (max-width: 1023px) {#advgb-col-63024568-cb2d-48d2-bfd8-0b8e8b528795>.advgb-column-inner{}}@media screen and (max-width: 767px) {#advgb-col-63024568-cb2d-48d2-bfd8-0b8e8b528795>.advgb-column-inner{}}#advgb-col-80e23aeb-1492-451b-b654-561f56a4fce9>.advgb-column-inner{}#advgb-col-80e23aeb-1492-451b-b654-561f56a4fce9{width: 58%;}@media screen and (max-width: 1023px) {#advgb-col-80e23aeb-1492-451b-b654-561f56a4fce9>.advgb-column-inner{}}@media screen and (max-width: 767px) {#advgb-col-80e23aeb-1492-451b-b654-561f56a4fce9>.advgb-column-inner{}}#advgb-cols-1aac1db5-a2bc-4136-a615-b8b8e14eac6c{}@media screen and (max-width: 1023px) {#advgb-cols-1aac1db5-a2bc-4136-a615-b8b8e14eac6c{}}@media screen and (max-width: 767px) {#advgb-cols-1aac1db5-a2bc-4136-a615-b8b8e14eac6c{}}#advgb-col-80e23aeb-1492-451b-b654-561f56a4fce9>.advgb-column-inner{}#advgb-col-80e23aeb-1492-451b-b654-561f56a4fce9{width: 58%;}@media screen and (max-width: 1023px) {#advgb-col-80e23aeb-1492-451b-b654-561f56a4fce9>.advgb-column-inner{}}@media screen and (max-width: 767px) {#advgb-col-80e23aeb-1492-451b-b654-561f56a4fce9>.advgb-column-inner{}}#advgb-cols-1aac1db5-a2bc-4136-a615-b8b8e14eac6c{}@media screen and (max-width: 1023px) {#advgb-cols-1aac1db5-a2bc-4136-a615-b8b8e14eac6c{}}@media screen and (max-width: 767px) {#advgb-cols-1aac1db5-a2bc-4136-a615-b8b8e14eac6c{}}#advgb-col-80e23aeb-1492-451b-b654-561f56a4fce9>.advgb-column-inner{}#advgb-col-80e23aeb-1492-451b-b654-561f56a4fce9{width: 58%;}@media screen and (max-width: 1023px) {#advgb-col-80e23aeb-1492-451b-b654-561f56a4fce9>.advgb-column-inner{}}@media screen and (max-width: 767px) {#advgb-col-80e23aeb-1492-451b-b654-561f56a4fce9>.advgb-column-inner{}}#advgb-col-fc2ddbc7-5629-48bb-95e4-68759fc3d421>.advgb-column-inner{}#advgb-col-fc2ddbc7-5629-48bb-95e4-68759fc3d421{width: 58%;}@media screen and (max-width: 1023px) {#advgb-col-fc2ddbc7-5629-48bb-95e4-68759fc3d421>.advgb-column-inner{}}@media screen and (max-width: 767px) {#advgb-col-fc2ddbc7-5629-48bb-95e4-68759fc3d421>.advgb-column-inner{}}#advgb-cols-2918d76e-f4d8-4851-816d-f004c13c3b23{}@media screen and (max-width: 1023px) {#advgb-cols-2918d76e-f4d8-4851-816d-f004c13c3b23{}}@media screen and (max-width: 767px) {#advgb-cols-2918d76e-f4d8-4851-816d-f004c13c3b23{}}#advgb-col-fc2ddbc7-5629-48bb-95e4-68759fc3d421>.advgb-column-inner{}#advgb-col-fc2ddbc7-5629-48bb-95e4-68759fc3d421{width: 58%;}@media screen and (max-width: 1023px) {#advgb-col-fc2ddbc7-5629-48bb-95e4-68759fc3d421>.advgb-column-inner{}}@media screen and (max-width: 767px) {#advgb-col-fc2ddbc7-5629-48bb-95e4-68759fc3d421>.advgb-column-inner{}}<\/style>","protected":false},"excerpt":{"rendered":"","protected":false},"author":1,"featured_media":0,"parent":553,"menu_order":0,"comment_status":"closed","ping_status":"closed","template":"page-category.php","meta":{"advgb_blocks_editor_width":"","advgb_blocks_columns_visual_guide":"","footnotes":""},"class_list":["post-719","page","type-page","status-publish","hentry"],"yoast_head":"<!-- This site is optimized with the Yoast SEO plugin v27.5 - https:\/\/yoast.com\/product\/yoast-seo-wordpress\/ -->\n<title>Something in between - Blatnikov hram<\/title>\n<meta name=\"description\" content=\"Blatnikov hram je gosti\u0161\u010de s hrano za vse okuse. Poskrbimo za vsakega gosta, zato ponujamo tudi jedi za najmlaj\u0161e, plate za ve\u010d ljudi, sprejemamo pa tudi zaprte dru\u017ebe.\" \/>\n<meta name=\"robots\" content=\"index, follow, max-snippet:-1, max-image-preview:large, max-video-preview:-1\" \/>\n<link rel=\"canonical\" href=\"https:\/\/blatnikovhram.si\/en\/menu\/nekaj-za-umes\/\" \/>\n<meta property=\"og:locale\" content=\"en_US\" \/>\n<meta property=\"og:type\" content=\"article\" \/>\n<meta property=\"og:title\" content=\"Something in between - Blatnikov hram\" \/>\n<meta property=\"og:description\" content=\"Blatnikov hram je gosti\u0161\u010de s hrano za vse okuse. Poskrbimo za vsakega gosta, zato ponujamo tudi jedi za najmlaj\u0161e, plate za ve\u010d ljudi, sprejemamo pa tudi zaprte dru\u017ebe.\" \/>\n<meta property=\"og:url\" content=\"https:\/\/blatnikovhram.si\/en\/menu\/nekaj-za-umes\/\" \/>\n<meta property=\"og:site_name\" content=\"Blatnikov hram\" \/>\n<meta property=\"article:publisher\" content=\"https:\/\/www.facebook.com\/Blatnikovhram\/\" \/>\n<meta property=\"article:modified_time\" content=\"2021-06-14T07:17:32+00:00\" \/>\n<meta name=\"twitter:card\" content=\"summary_large_image\" \/>\n<script type=\"application\/ld+json\" class=\"yoast-schema-graph\">{\"@context\":\"https:\\\/\\\/schema.org\",\"@graph\":[{\"@type\":\"WebPage\",\"@id\":\"https:\\\/\\\/blatnikovhram.si\\\/en\\\/menu\\\/nekaj-za-umes\\\/\",\"url\":\"https:\\\/\\\/blatnikovhram.si\\\/en\\\/menu\\\/nekaj-za-umes\\\/\",\"name\":\"Something in between - Blatnikov hram\",\"isPartOf\":{\"@id\":\"https:\\\/\\\/blatnikovhram.si\\\/#website\"},\"datePublished\":\"2021-06-03T11:30:33+00:00\",\"dateModified\":\"2021-06-14T07:17:32+00:00\",\"description\":\"Blatnikov hram je gosti\u0161\u010de s hrano za vse okuse. Poskrbimo za vsakega gosta, zato ponujamo tudi jedi za najmlaj\u0161e, plate za ve\u010d ljudi, sprejemamo pa tudi zaprte dru\u017ebe.\",\"breadcrumb\":{\"@id\":\"https:\\\/\\\/blatnikovhram.si\\\/en\\\/menu\\\/nekaj-za-umes\\\/#breadcrumb\"},\"inLanguage\":\"en-US\",\"potentialAction\":[{\"@type\":\"ReadAction\",\"target\":[\"https:\\\/\\\/blatnikovhram.si\\\/en\\\/menu\\\/nekaj-za-umes\\\/\"]}]},{\"@type\":\"BreadcrumbList\",\"@id\":\"https:\\\/\\\/blatnikovhram.si\\\/en\\\/menu\\\/nekaj-za-umes\\\/#breadcrumb\",\"itemListElement\":[{\"@type\":\"ListItem\",\"position\":1,\"name\":\"Home\",\"item\":\"https:\\\/\\\/blatnikovhram.si\\\/en\\\/\"},{\"@type\":\"ListItem\",\"position\":2,\"name\":\"Menu\",\"item\":\"https:\\\/\\\/blatnikovhram.si\\\/en\\\/menu\\\/\"},{\"@type\":\"ListItem\",\"position\":3,\"name\":\"Something in between\"}]},{\"@type\":\"WebSite\",\"@id\":\"https:\\\/\\\/blatnikovhram.si\\\/#website\",\"url\":\"https:\\\/\\\/blatnikovhram.si\\\/\",\"name\":\"Blatnikov hram\",\"description\":\"umetni\u0161ko in kulinari\u010dno do\u017eivetje\",\"publisher\":{\"@id\":\"https:\\\/\\\/blatnikovhram.si\\\/#organization\"},\"potentialAction\":[{\"@type\":\"SearchAction\",\"target\":{\"@type\":\"EntryPoint\",\"urlTemplate\":\"https:\\\/\\\/blatnikovhram.si\\\/?s={search_term_string}\"},\"query-input\":{\"@type\":\"PropertyValueSpecification\",\"valueRequired\":true,\"valueName\":\"search_term_string\"}}],\"inLanguage\":\"en-US\"},{\"@type\":\"Organization\",\"@id\":\"https:\\\/\\\/blatnikovhram.si\\\/#organization\",\"name\":\"Blatnikov hram\",\"url\":\"https:\\\/\\\/blatnikovhram.si\\\/\",\"logo\":{\"@type\":\"ImageObject\",\"inLanguage\":\"en-US\",\"@id\":\"https:\\\/\\\/blatnikovhram.si\\\/#\\\/schema\\\/logo\\\/image\\\/\",\"url\":\"https:\\\/\\\/blatnikovhram.si\\\/storage\\\/2021\\\/05\\\/Blatnikov-hram-2021-1_logotip.png\",\"contentUrl\":\"https:\\\/\\\/blatnikovhram.si\\\/storage\\\/2021\\\/05\\\/Blatnikov-hram-2021-1_logotip.png\",\"width\":1301,\"height\":600,\"caption\":\"Blatnikov hram\"},\"image\":{\"@id\":\"https:\\\/\\\/blatnikovhram.si\\\/#\\\/schema\\\/logo\\\/image\\\/\"},\"sameAs\":[\"https:\\\/\\\/www.facebook.com\\\/Blatnikovhram\\\/\",\"https:\\\/\\\/www.instagram.com\\\/blatnikovhram\\\/\"]}]}<\/script>\n<!-- \/ Yoast SEO plugin. -->","yoast_head_json":{"title":"Something in between - Blatnikov hram","description":"Blatnikov hram je gosti\u0161\u010de s hrano za vse okuse. Poskrbimo za vsakega gosta, zato ponujamo tudi jedi za najmlaj\u0161e, plate za ve\u010d ljudi, sprejemamo pa tudi zaprte dru\u017ebe.","robots":{"index":"index","follow":"follow","max-snippet":"max-snippet:-1","max-image-preview":"max-image-preview:large","max-video-preview":"max-video-preview:-1"},"canonical":"https:\/\/blatnikovhram.si\/en\/menu\/nekaj-za-umes\/","og_locale":"en_US","og_type":"article","og_title":"Something in between - Blatnikov hram","og_description":"Blatnikov hram je gosti\u0161\u010de s hrano za vse okuse. Poskrbimo za vsakega gosta, zato ponujamo tudi jedi za najmlaj\u0161e, plate za ve\u010d ljudi, sprejemamo pa tudi zaprte dru\u017ebe.","og_url":"https:\/\/blatnikovhram.si\/en\/menu\/nekaj-za-umes\/","og_site_name":"Blatnikov hram","article_publisher":"https:\/\/www.facebook.com\/Blatnikovhram\/","article_modified_time":"2021-06-14T07:17:32+00:00","twitter_card":"summary_large_image","schema":{"@context":"https:\/\/schema.org","@graph":[{"@type":"WebPage","@id":"https:\/\/blatnikovhram.si\/en\/menu\/nekaj-za-umes\/","url":"https:\/\/blatnikovhram.si\/en\/menu\/nekaj-za-umes\/","name":"Something in between - Blatnikov hram","isPartOf":{"@id":"https:\/\/blatnikovhram.si\/#website"},"datePublished":"2021-06-03T11:30:33+00:00","dateModified":"2021-06-14T07:17:32+00:00","description":"Blatnikov hram je gosti\u0161\u010de s hrano za vse okuse. Poskrbimo za vsakega gosta, zato ponujamo tudi jedi za najmlaj\u0161e, plate za ve\u010d ljudi, sprejemamo pa tudi zaprte dru\u017ebe.","breadcrumb":{"@id":"https:\/\/blatnikovhram.si\/en\/menu\/nekaj-za-umes\/#breadcrumb"},"inLanguage":"en-US","potentialAction":[{"@type":"ReadAction","target":["https:\/\/blatnikovhram.si\/en\/menu\/nekaj-za-umes\/"]}]},{"@type":"BreadcrumbList","@id":"https:\/\/blatnikovhram.si\/en\/menu\/nekaj-za-umes\/#breadcrumb","itemListElement":[{"@type":"ListItem","position":1,"name":"Home","item":"https:\/\/blatnikovhram.si\/en\/"},{"@type":"ListItem","position":2,"name":"Menu","item":"https:\/\/blatnikovhram.si\/en\/menu\/"},{"@type":"ListItem","position":3,"name":"Something in between"}]},{"@type":"WebSite","@id":"https:\/\/blatnikovhram.si\/#website","url":"https:\/\/blatnikovhram.si\/","name":"Blatnikov hram","description":"umetni\u0161ko in kulinari\u010dno do\u017eivetje","publisher":{"@id":"https:\/\/blatnikovhram.si\/#organization"},"potentialAction":[{"@type":"SearchAction","target":{"@type":"EntryPoint","urlTemplate":"https:\/\/blatnikovhram.si\/?s={search_term_string}"},"query-input":{"@type":"PropertyValueSpecification","valueRequired":true,"valueName":"search_term_string"}}],"inLanguage":"en-US"},{"@type":"Organization","@id":"https:\/\/blatnikovhram.si\/#organization","name":"Blatnikov hram","url":"https:\/\/blatnikovhram.si\/","logo":{"@type":"ImageObject","inLanguage":"en-US","@id":"https:\/\/blatnikovhram.si\/#\/schema\/logo\/image\/","url":"https:\/\/blatnikovhram.si\/storage\/2021\/05\/Blatnikov-hram-2021-1_logotip.png","contentUrl":"https:\/\/blatnikovhram.si\/storage\/2021\/05\/Blatnikov-hram-2021-1_logotip.png","width":1301,"height":600,"caption":"Blatnikov hram"},"image":{"@id":"https:\/\/blatnikovhram.si\/#\/schema\/logo\/image\/"},"sameAs":["https:\/\/www.facebook.com\/Blatnikovhram\/","https:\/\/www.instagram.com\/blatnikovhram\/"]}]}},"coauthors":[],"author_meta":{"author_link":"https:\/\/blatnikovhram.si\/en\/author\/w3bstudio\/","display_name":"W3bStudio"},"relative_dates":{"created":"Posted 5 years ago","modified":"Updated 5 years ago"},"absolute_dates":{"created":"Posted on June 3, 2021","modified":"Updated on June 14, 2021"},"absolute_dates_time":{"created":"Posted on June 3, 2021 11:30 am","modified":"Updated on June 14, 2021 7:17 am"},"featured_img_caption":"","featured_img":false,"series_order":"","_links":{"self":[{"href":"https:\/\/blatnikovhram.si\/en\/wp-json\/wp\/v2\/pages\/719","targetHints":{"allow":["GET"]}}],"collection":[{"href":"https:\/\/blatnikovhram.si\/en\/wp-json\/wp\/v2\/pages"}],"about":[{"href":"https:\/\/blatnikovhram.si\/en\/wp-json\/wp\/v2\/types\/page"}],"author":[{"embeddable":true,"href":"https:\/\/blatnikovhram.si\/en\/wp-json\/wp\/v2\/users\/1"}],"replies":[{"embeddable":true,"href":"https:\/\/blatnikovhram.si\/en\/wp-json\/wp\/v2\/comments?post=719"}],"version-history":[{"count":0,"href":"https:\/\/blatnikovhram.si\/en\/wp-json\/wp\/v2\/pages\/719\/revisions"}],"up":[{"embeddable":true,"href":"https:\/\/blatnikovhram.si\/en\/wp-json\/wp\/v2\/pages\/553"}],"wp:attachment":[{"href":"https:\/\/blatnikovhram.si\/en\/wp-json\/wp\/v2\/media?parent=719"}],"curies":[{"name":"wp","href":"https:\/\/api.w.org\/{rel}","templated":true}]}}